{"id":6177,"date":"2012-01-03T18:15:53","date_gmt":"2012-01-03T18:15:53","guid":{"rendered":"https:\/\/thebocc.com\/contact\/"},"modified":"2023-01-20T11:05:51","modified_gmt":"2023-01-20T11:05:51","slug":"contacto","status":"publish","type":"page","link":"https:\/\/thebocc.com\/es\/contacto\/","title":{"rendered":"Contacto"},"content":{"rendered":"<h3 class=\"mg-top\">Complete este formulario para que podamos comunicarnos con usted.<\/h3>\n<p>&nbsp;<\/p>\n<p>Si tiene alguna pregunta con respecto a Cristo, la Biblia, el arrepentimiento o la salvaci\u00f3n, comun\u00edquese con nosotros llam\u00e1ndonos o envi\u00e1ndonos un correo electr\u00f3nico y le devolveremos su llamada o correo electr\u00f3nico lo antes posible. Esperamos con inter\u00e9s escuchar de usted.<\/p>\n","protected":false},"excerpt":{"rendered":"<p>Complete este formulario para que podamos comunicarnos con usted. &nbsp; Si tiene alguna pregunta con respecto a Cristo, la Biblia, el arrepentimiento o la salvaci\u00f3n, comun\u00edquese con nosotros llam\u00e1ndonos o envi\u00e1ndonos un correo electr\u00f3nico y le devolveremos su llamada o correo electr\u00f3nico lo antes posible. Esperamos con inter\u00e9s escuchar de usted.<\/p>\n","protected":false},"author":1,"featured_media":0,"parent":0,"menu_order":0,"comment_status":"open","ping_status":"open","template":"","meta":{"spay_email":"","footnotes":""},"class_list":["post-6177","page","type-page","status-publish","hentry"],"yoast_head":"<!-- This site is optimized with the Yoast SEO plugin v19.2 - https:\/\/yoast.com\/wordpress\/plugins\/seo\/ -->\n<title>Contacto - The Body of Christ Church<\/title>\n<meta name=\"robots\" content=\"index, follow, max-snippet:-1, max-image-preview:large, max-video-preview:-1\" \/>\n<link rel=\"canonical\" href=\"https:\/\/thebocc.com\/es\/contacto\/\" \/>\n<meta property=\"og:locale\" content=\"es_ES\" \/>\n<meta property=\"og:type\" content=\"article\" \/>\n<meta property=\"og:title\" content=\"Contacto - The Body of Christ Church\" \/>\n<meta property=\"og:description\" content=\"Complete este formulario para que podamos comunicarnos con usted. &nbsp; Si tiene alguna pregunta con respecto a Cristo, la Biblia, el arrepentimiento o la salvaci\u00f3n, comun\u00edquese con nosotros llam\u00e1ndonos o envi\u00e1ndonos un correo electr\u00f3nico y le devolveremos su llamada o correo electr\u00f3nico lo antes posible. Esperamos con inter\u00e9s escuchar de usted.\" \/>\n<meta property=\"og:url\" content=\"https:\/\/thebocc.com\/es\/contacto\/\" \/>\n<meta property=\"og:site_name\" content=\"The Body of Christ Church\" \/>\n<meta property=\"article:modified_time\" content=\"2023-01-20T11:05:51+00:00\" \/>\n<meta name=\"author\" content=\"admin\" \/>\n<meta name=\"twitter:card\" content=\"summary_large_image\" \/>\n<script type=\"application\/ld+json\" class=\"yoast-schema-graph\">{\"@context\":\"https:\/\/schema.org\",\"@graph\":[{\"@type\":\"WebSite\",\"@id\":\"https:\/\/thebocc.com\/#website\",\"url\":\"https:\/\/thebocc.com\/\",\"name\":\"The Body of Christ Church\",\"description\":\"Matthew 4:17\u00a0 From that time Jesus began to preach, and to say, Repent: for the kingdom of heaven is at hand.\",\"potentialAction\":[{\"@type\":\"SearchAction\",\"target\":{\"@type\":\"EntryPoint\",\"urlTemplate\":\"https:\/\/thebocc.com\/?s={search_term_string}\"},\"query-input\":\"required name=search_term_string\"}],\"inLanguage\":\"es\"},{\"@type\":\"WebPage\",\"@id\":\"https:\/\/thebocc.com\/es\/contacto\/#webpage\",\"url\":\"https:\/\/thebocc.com\/es\/contacto\/\",\"name\":\"Contacto - The Body of Christ Church\",\"isPartOf\":{\"@id\":\"https:\/\/thebocc.com\/#website\"},\"datePublished\":\"2012-01-03T18:15:53+00:00\",\"dateModified\":\"2023-01-20T11:05:51+00:00\",\"breadcrumb\":{\"@id\":\"https:\/\/thebocc.com\/es\/contacto\/#breadcrumb\"},\"inLanguage\":\"es\",\"potentialAction\":[{\"@type\":\"ReadAction\",\"target\":[\"https:\/\/thebocc.com\/es\/contacto\/\"]}]},{\"@type\":\"BreadcrumbList\",\"@id\":\"https:\/\/thebocc.com\/es\/contacto\/#breadcrumb\",\"itemListElement\":[{\"@type\":\"ListItem\",\"position\":1,\"name\":\"Home\",\"item\":\"https:\/\/thebocc.com\/es\/\"},{\"@type\":\"ListItem\",\"position\":2,\"name\":\"Contacto\"}]}]}<\/script>\n<!-- \/ Yoast SEO plugin. -->","yoast_head_json":{"title":"Contacto - The Body of Christ Church","robots":{"index":"index","follow":"follow","max-snippet":"max-snippet:-1","max-image-preview":"max-image-preview:large","max-video-preview":"max-video-preview:-1"},"canonical":"https:\/\/thebocc.com\/es\/contacto\/","og_locale":"es_ES","og_type":"article","og_title":"Contacto - The Body of Christ Church","og_description":"Complete este formulario para que podamos comunicarnos con usted. &nbsp; Si tiene alguna pregunta con respecto a Cristo, la Biblia, el arrepentimiento o la salvaci\u00f3n, comun\u00edquese con nosotros llam\u00e1ndonos o envi\u00e1ndonos un correo electr\u00f3nico y le devolveremos su llamada o correo electr\u00f3nico lo antes posible. Esperamos con inter\u00e9s escuchar de usted.","og_url":"https:\/\/thebocc.com\/es\/contacto\/","og_site_name":"The Body of Christ Church","article_modified_time":"2023-01-20T11:05:51+00:00","author":"admin","twitter_card":"summary_large_image","schema":{"@context":"https:\/\/schema.org","@graph":[{"@type":"WebSite","@id":"https:\/\/thebocc.com\/#website","url":"https:\/\/thebocc.com\/","name":"The Body of Christ Church","description":"Matthew 4:17\u00a0 From that time Jesus began to preach, and to say, Repent: for the kingdom of heaven is at hand.","potentialAction":[{"@type":"SearchAction","target":{"@type":"EntryPoint","urlTemplate":"https:\/\/thebocc.com\/?s={search_term_string}"},"query-input":"required name=search_term_string"}],"inLanguage":"es"},{"@type":"WebPage","@id":"https:\/\/thebocc.com\/es\/contacto\/#webpage","url":"https:\/\/thebocc.com\/es\/contacto\/","name":"Contacto - The Body of Christ Church","isPartOf":{"@id":"https:\/\/thebocc.com\/#website"},"datePublished":"2012-01-03T18:15:53+00:00","dateModified":"2023-01-20T11:05:51+00:00","breadcrumb":{"@id":"https:\/\/thebocc.com\/es\/contacto\/#breadcrumb"},"inLanguage":"es","potentialAction":[{"@type":"ReadAction","target":["https:\/\/thebocc.com\/es\/contacto\/"]}]},{"@type":"BreadcrumbList","@id":"https:\/\/thebocc.com\/es\/contacto\/#breadcrumb","itemListElement":[{"@type":"ListItem","position":1,"name":"Home","item":"https:\/\/thebocc.com\/es\/"},{"@type":"ListItem","position":2,"name":"Contacto"}]}]}},"_links":{"self":[{"href":"https:\/\/thebocc.com\/es\/wp-json\/wp\/v2\/pages\/6177","targetHints":{"allow":["GET"]}}],"collection":[{"href":"https:\/\/thebocc.com\/es\/wp-json\/wp\/v2\/pages"}],"about":[{"href":"https:\/\/thebocc.com\/es\/wp-json\/wp\/v2\/types\/page"}],"author":[{"embeddable":true,"href":"https:\/\/thebocc.com\/es\/wp-json\/wp\/v2\/users\/1"}],"replies":[{"embeddable":true,"href":"https:\/\/thebocc.com\/es\/wp-json\/wp\/v2\/comments?post=6177"}],"version-history":[{"count":2,"href":"https:\/\/thebocc.com\/es\/wp-json\/wp\/v2\/pages\/6177\/revisions"}],"predecessor-version":[{"id":6179,"href":"https:\/\/thebocc.com\/es\/wp-json\/wp\/v2\/pages\/6177\/revisions\/6179"}],"wp:attachment":[{"href":"https:\/\/thebocc.com\/es\/wp-json\/wp\/v2\/media?parent=6177"}],"curies":[{"name":"wp","href":"https:\/\/api.w.org\/{rel}","templated":true}]}}